{"id":94,"date":"2020-09-21T21:08:22","date_gmt":"2020-09-21T19:08:22","guid":{"rendered":"http:\/\/gite-bergues-holistique.fr\/?page_id=94"},"modified":"2020-09-21T22:18:07","modified_gmt":"2020-09-21T20:18:07","slug":"a-propos-de","status":"publish","type":"page","link":"https:\/\/gite-bergues-holistique.fr\/index.php\/a-propos-de\/","title":{"rendered":"Un g\u00eete enti\u00e8rement r\u00e9nov\u00e9 en plein coeur de Bergues !"},"content":{"rendered":"<p>Le g\u00eete a \u00e9t\u00e9 enti\u00e8rement r\u00e9nov\u00e9 en \u00a0juillet 2020. Il est compos\u00e9 d&#8217;une grande chambre mansard\u00e9e de 30 m2 avec un lit double et un clic-clac. Au premier niveau vous trouverez un salon salle \u00e0 manger avec un canap\u00e9 convertible, t\u00e9l\u00e9vision avec fibre optique, une cuisine enti\u00e8re \u00e9quip\u00e9e et une salle d&#8217;eau ainsi qu&#8217;un coin lecture&#8230;<\/p>\n\n\n<p><\/p>\n","protected":false},"excerpt":{"rendered":"<p>Le g\u00eete a \u00e9t\u00e9 enti\u00e8rement r\u00e9nov\u00e9 en \u00a0juillet 2020. Il est compos\u00e9 d&#8217;une grande chambre mansard\u00e9e de 30 m2 avec un lit double et un clic-clac. Au premier niveau vous trouverez un salon salle \u00e0 manger avec un canap\u00e9 convertible, t\u00e9l\u00e9vision avec fibre optique, une cuisine enti\u00e8re \u00e9quip\u00e9e et une salle d&#8217;eau ainsi qu&#8217;un coin &hellip; <\/p>\n<p class=\"link-more\"><a href=\"https:\/\/gite-bergues-holistique.fr\/index.php\/a-propos-de\/\" class=\"more-link\">Continue reading<span class=\"screen-reader-text\"> &#8220;Un g\u00eete enti\u00e8rement r\u00e9nov\u00e9 en plein coeur de Bergues !&#8221;<\/span><\/a><\/p>\n","protected":false},"author":1,"featured_media":50,"parent":0,"menu_order":0,"comment_status":"open","ping_status":"closed","template":"","meta":[],"_links":{"self":[{"href":"https:\/\/gite-bergues-holistique.fr\/index.php\/wp-json\/wp\/v2\/pages\/94"}],"collection":[{"href":"https:\/\/gite-bergues-holistique.fr\/index.php\/wp-json\/wp\/v2\/pages"}],"about":[{"href":"https:\/\/gite-bergues-holistique.fr\/index.php\/wp-json\/wp\/v2\/types\/page"}],"author":[{"embeddable":true,"href":"https:\/\/gite-bergues-holistique.fr\/index.php\/wp-json\/wp\/v2\/users\/1"}],"replies":[{"embeddable":true,"href":"https:\/\/gite-bergues-holistique.fr\/index.php\/wp-json\/wp\/v2\/comments?post=94"}],"version-history":[{"count":4,"href":"https:\/\/gite-bergues-holistique.fr\/index.php\/wp-json\/wp\/v2\/pages\/94\/revisions"}],"predecessor-version":[{"id":137,"href":"https:\/\/gite-bergues-holistique.fr\/index.php\/wp-json\/wp\/v2\/pages\/94\/revisions\/137"}],"wp:featuredmedia":[{"embeddable":true,"href":"https:\/\/gite-bergues-holistique.fr\/index.php\/wp-json\/wp\/v2\/media\/50"}],"wp:attachment":[{"href":"https:\/\/gite-bergues-holistique.fr\/index.php\/wp-json\/wp\/v2\/media?parent=94"}],"curies":[{"name":"wp","href":"https:\/\/api.w.org\/{rel}","templated":true}]}}